{"id":6909,"date":"2025-06-19T15:10:24","date_gmt":"2025-06-19T15:10:24","guid":{"rendered":"https:\/\/clustersoft.org.do\/?page_id=6909"},"modified":"2025-06-19T15:41:56","modified_gmt":"2025-06-19T15:41:56","slug":"busca-empleo","status":"publish","type":"page","link":"https:\/\/clustersoft.org.do\/index.php\/busca-empleo\/","title":{"rendered":"Busca empleo"},"content":{"rendered":"<h3>Buscas empleo, \u00danete a Nuestro Equipo<\/h3>\n<p>En <strong>ClusterSoft Dominicana<\/strong>, creemos que el talento humano es el motor que impulsa la innovaci\u00f3n tecnol\u00f3gica. Nos apasiona desarrollar soluciones digitales que transformen vidas y potencien negocios. Por eso, buscamos personas creativas, comprometidas y con ganas de<\/p>\n<p>crecer profesionalmente.<\/p>\n<h3>\u00bfPor qu\u00e9 trabajar con nosotros?<\/h3>\n<ul>\n<li>Ambiente colaborativo e inclusivo<\/li>\n<li>Proyectos desafiantes y de impacto nacional<\/li>\n<li>\n<h3><img loading=\"lazy\" decoding=\"async\" class=\"size-medium wp-image-6589 alignright\" src=\"https:\/\/clustersoft.org.do\/wp-content\/uploads\/2020\/11\/4414-Principales-bolsas-de-empleos-de-Universidades-en-RD-300x200.jpg\" alt=\"\" width=\"300\" height=\"200\" srcset=\"https:\/\/clustersoft.org.do\/wp-content\/uploads\/2020\/11\/4414-Principales-bolsas-de-empleos-de-Universidades-en-RD-300x200.jpg 300w, https:\/\/clustersoft.org.do\/wp-content\/uploads\/2020\/11\/4414-Principales-bolsas-de-empleos-de-Universidades-en-RD-600x400.jpg 600w, https:\/\/clustersoft.org.do\/wp-content\/uploads\/2020\/11\/4414-Principales-bolsas-de-empleos-de-Universidades-en-RD-1024x683.jpg 1024w, https:\/\/clustersoft.org.do\/wp-content\/uploads\/2020\/11\/4414-Principales-bolsas-de-empleos-de-Universidades-en-RD-768x512.jpg 768w, https:\/\/clustersoft.org.do\/wp-content\/uploads\/2020\/11\/4414-Principales-bolsas-de-empleos-de-Universidades-en-RD-900x600.jpg 900w, https:\/\/clustersoft.org.do\/wp-content\/uploads\/2020\/11\/4414-Principales-bolsas-de-empleos-de-Universidades-en-RD.jpg 1253w\" sizes=\"auto, (max-width: 300px) 100vw, 300px\" \/><\/h3>\n<p>Oportunidades de<br \/>\ndesarrollo y capacitaci\u00f3n<\/li>\n<li>Flexibilidad y cultura de innovaci\u00f3n<\/li>\n<li>Reconocimiento y crecimiento profesional<\/li>\n<\/ul>\n<h3>Perfiles que siempre estamos buscando:<\/h3>\n<ul>\n<li><strong>Desarrolladores de software<\/strong> (Frontend, Backend, Full Stack)<\/li>\n<li><strong>Especialistas en QA y Testing<\/strong><\/li>\n<li><strong>Dise\u00f1adores UX\/UI<\/strong><\/li>\n<li><strong>Project Managers<\/strong><\/li>\n<li><strong>Analistas de sistemas<\/strong><\/li>\n<li><strong>Soporte t\u00e9cnico<\/strong><\/li>\n<li><strong>Estudiantes en pasant\u00eda de carreras afines a tecnolog\u00eda<\/strong><\/li>\n<\/ul>\n<h3>\u00bfTe interesa formar parte de ClusterSoft RD?<\/h3>\n<p>Env\u00eda tu hoja de vida y portafolio (si aplica) a:<br \/>\n<strong><a href=\"mailto:a.fernandez@clustersoft.org\">a.fernandez@clustersoft.org.do<\/a><\/strong><\/p>\n<blockquote><p>Aunque no tengamos vacantes activas, siempre estamos abiertos a conocer nuevos talentos.<\/p><\/blockquote>\n","protected":false},"excerpt":{"rendered":"<p>Buscas empleo, \u00danete a Nuestro Equipo En ClusterSoft Dominicana, creemos que el talento humano es el motor que impulsa la innovaci\u00f3n tecnol\u00f3gica. Nos apasiona desarrollar soluciones digitales que transformen vidas&#8230;<\/p>\n","protected":false},"author":1,"featured_media":0,"parent":0,"menu_order":0,"comment_status":"closed","ping_status":"closed","template":"","meta":{"footnotes":""},"class_list":["post-6909","page","type-page","status-publish"],"_links":{"self":[{"href":"https:\/\/clustersoft.org.do\/index.php\/wp-json\/wp\/v2\/pages\/6909","targetHints":{"allow":["GET"]}}],"collection":[{"href":"https:\/\/clustersoft.org.do\/index.php\/wp-json\/wp\/v2\/pages"}],"about":[{"href":"https:\/\/clustersoft.org.do\/index.php\/wp-json\/wp\/v2\/types\/page"}],"author":[{"embeddable":true,"href":"https:\/\/clustersoft.org.do\/index.php\/wp-json\/wp\/v2\/users\/1"}],"replies":[{"embeddable":true,"href":"https:\/\/clustersoft.org.do\/index.php\/wp-json\/wp\/v2\/comments?post=6909"}],"version-history":[{"count":4,"href":"https:\/\/clustersoft.org.do\/index.php\/wp-json\/wp\/v2\/pages\/6909\/revisions"}],"predecessor-version":[{"id":6913,"href":"https:\/\/clustersoft.org.do\/index.php\/wp-json\/wp\/v2\/pages\/6909\/revisions\/6913"}],"wp:attachment":[{"href":"https:\/\/clustersoft.org.do\/index.php\/wp-json\/wp\/v2\/media?parent=6909"}],"curies":[{"name":"wp","href":"https:\/\/api.w.org\/{rel}","templated":true}]}}