{"id":6401,"date":"2020-08-26T22:24:11","date_gmt":"2020-08-26T22:24:11","guid":{"rendered":"https:\/\/clustersoft.org.do\/?page_id=6401"},"modified":"2020-08-27T22:53:49","modified_gmt":"2020-08-27T22:53:49","slug":"camsoft_cluster","status":"publish","type":"page","link":"https:\/\/clustersoft.org.do\/index.php\/camsoft_cluster\/","title":{"rendered":"Camsoft_Cluster"},"content":{"rendered":"[vc_row type=&#8221;in_container&#8221; full_screen_row_position=&#8221;middle&#8221; column_margin=&#8221;default&#8221; column_direction=&#8221;default&#8221; column_direction_tablet=&#8221;default&#8221; column_direction_phone=&#8221;default&#8221; scene_position=&#8221;center&#8221; text_color=&#8221;dark&#8221; text_align=&#8221;left&#8221; row_border_radius=&#8221;none&#8221; row_border_radius_applies=&#8221;bg&#8221; overlay_strength=&#8221;0.3&#8243; gradient_direction=&#8221;left_to_right&#8221; shape_divider_position=&#8221;bottom&#8221; bg_image_animation=&#8221;none&#8221;][vc_column column_padding=&#8221;no-extra-padding&#8221; column_padding_tablet=&#8221;inherit&#8221; column_padding_phone=&#8221;inherit&#8221; column_padding_position=&#8221;all&#8221; background_color_opacity=&#8221;1&#8243; background_hover_color_opacity=&#8221;1&#8243; column_shadow=&#8221;none&#8221; column_border_radius=&#8221;none&#8221; column_link_target=&#8221;_self&#8221; gradient_direction=&#8221;left_to_right&#8221; overlay_strength=&#8221;0.3&#8243; width=&#8221;1\/2&#8243; tablet_width_inherit=&#8221;default&#8221; tablet_text_alignment=&#8221;default&#8221; phone_text_alignment=&#8221;default&#8221; column_border_width=&#8221;none&#8221; column_border_style=&#8221;solid&#8221; bg_image_animation=&#8221;none&#8221;][fancy_box box_style=&#8221;parallax_hover&#8221; icon_family=&#8221;none&#8221; image_url=&#8221;6452&#8243; parallax_hover_box_alignment=&#8221;middle&#8221; parallax_hover_box_overlay_opacity=&#8221;0&#8243; parallax_hover_box_overlay_opacity_hover=&#8221;0&#8243; border_radius=&#8221;default&#8221; image_loading=&#8221;default&#8221; enable_animation=&#8221;true&#8221; animation=&#8221;grow-in&#8221; min_height=&#8221;500&#8243;][\/fancy_box][\/vc_column][vc_column column_padding=&#8221;no-extra-padding&#8221; column_padding_tablet=&#8221;inherit&#8221; column_padding_phone=&#8221;inherit&#8221; column_padding_position=&#8221;all&#8221; background_color_opacity=&#8221;1&#8243; background_hover_color_opacity=&#8221;1&#8243; column_shadow=&#8221;none&#8221; column_border_radius=&#8221;none&#8221; column_link_target=&#8221;_self&#8221; gradient_direction=&#8221;left_to_right&#8221; overlay_strength=&#8221;0.3&#8243; width=&#8221;1\/2&#8243; tablet_width_inherit=&#8221;default&#8221; tablet_text_alignment=&#8221;default&#8221; phone_text_alignment=&#8221;default&#8221; column_border_width=&#8221;none&#8221; column_border_style=&#8221;solid&#8221; bg_image_animation=&#8221;none&#8221;][nectar_highlighted_text color_type=&#8221;regular&#8221; highlight_color=&#8221;#00adee&#8221; style=&#8221;half_text&#8221; custom_font_size=&#8221;5vw&#8221;]\n<h1><em>Cam Soft<\/em><\/h1>\n[\/nectar_highlighted_text][vc_column_text]\n<div class=\"wpb_text_column wpb_content_element \">\n<div id=\"ct_jvazirexrym4tuym6ilq\" class=\"wpb_wrapper\">\n<div class=\"wpb_text_column wpb_content_element \">\n<div class=\"wpb_wrapper\">\n<p>Fundada en 1993, CAM Inform\u00e1tica, S. A. naci\u00f3 para establecer un nuevo nivel de calidad en el desarrollo de Software en la Rep\u00fablica Dominicana. CAM se enfoca en adquirir, desarrollar y mantener los profesionales, procesos y tecnolog\u00eda del m\u00e1s alto nivel para el desarrollo de software para as\u00ed asegurar un nivel de calidad de clase mundial en los productos y servicios ofrecidos.<\/p>\n<p>Actualmente poseemos un proceso de desarrollo de software alineado con todos los objetivos del nivel 2 y gran parte del nivel 3 del SEI- CMMI\u00ae (Capability Maturity Model Integration), certificaci\u00f3n de calidad establecida en la industria para las organizaciones de software.<\/p>\n<\/div>\n<\/div>\n<\/div>\n<\/div>\n[\/vc_column_text][divider line_type=&#8221;Full Width Line&#8221; line_thickness=&#8221;1&#8243; divider_color=&#8221;extra-color-gradient-2&#8243; animate=&#8221;yes&#8221;][vc_column_text]T:<a href=\"tel:8093317000\">809.331.7000<\/a><br \/>\nE:<a href=\"mailto:info@caminf.com\">info@caminf.com<\/a><br \/>\n<a href=\"http:\/\/www.camsoft.com.do\/\">camsoft.com.do<\/a>[\/vc_column_text][nectar_icon icon_family=&#8221;fontawesome&#8221; icon_style=&#8221;default&#8221; icon_color_type=&#8221;color_scheme&#8221; icon_color=&#8221;Extra-Color-1&#8243; icon_padding=&#8221;0px&#8221; icon_fontawesome=&#8221;fa fa-facebook&#8221; icon_size=&#8221;22&#8243;][nectar_icon icon_family=&#8221;fontawesome&#8221; icon_style=&#8221;default&#8221; icon_color_type=&#8221;color_scheme&#8221; icon_color=&#8221;Extra-Color-1&#8243; icon_padding=&#8221;0px&#8221; icon_fontawesome=&#8221;fa fa-instagram&#8221; icon_size=&#8221;22&#8243;][\/vc_column][\/vc_row][vc_row type=&#8221;full_width_background&#8221; full_screen_row_position=&#8221;middle&#8221; column_margin=&#8221;default&#8221; column_direction=&#8221;default&#8221; column_direction_tablet=&#8221;default&#8221; column_direction_phone=&#8221;default&#8221; bg_color=&#8221;#000000&#8243; scene_position=&#8221;center&#8221; top_padding=&#8221;6%&#8221; bottom_padding=&#8221;10%&#8221; text_color=&#8221;light&#8221; text_align=&#8221;left&#8221; row_border_radius=&#8221;none&#8221; row_border_radius_applies=&#8221;bg&#8221; overlay_strength=&#8221;0.3&#8243; gradient_direction=&#8221;left_to_right&#8221; shape_divider_position=&#8221;bottom&#8221; bg_image_animation=&#8221;none&#8221; shape_type=&#8221;&#8221;][vc_column column_padding=&#8221;no-extra-padding&#8221; column_padding_tablet=&#8221;inherit&#8221; column_padding_phone=&#8221;inherit&#8221; column_padding_position=&#8221;all&#8221; background_color_opacity=&#8221;1&#8243; background_hover_color_opacity=&#8221;1&#8243; column_shadow=&#8221;none&#8221; column_border_radius=&#8221;none&#8221; column_link_target=&#8221;_self&#8221; gradient_direction=&#8221;left_to_right&#8221; overlay_strength=&#8221;0.3&#8243; width=&#8221;1\/1&#8243; tablet_width_inherit=&#8221;default&#8221; tablet_text_alignment=&#8221;default&#8221; phone_text_alignment=&#8221;default&#8221; column_border_width=&#8221;none&#8221; column_border_style=&#8221;solid&#8221; bg_image_animation=&#8221;none&#8221;][nectar_animated_title heading_tag=&#8221;h4&#8243; style=&#8221;hinge-drop&#8221; color=&#8221;Accent-Color&#8221; text=&#8221;Servicios&#8221;][divider line_type=&#8221;No Line&#8221; custom_height=&#8221;30&#8243;][nectar_icon_list color=&#8221;default&#8221; direction=&#8221;vertical&#8221; icon_size=&#8221;small&#8221; icon_style=&#8221;border&#8221;][nectar_icon_list_item icon_type=&#8221;numerical&#8221; title=&#8221;List Item&#8221; id=&#8221;1598567637154-0&#8243; tab_id=&#8221;1598567637161-0&#8243; header=&#8221;Desarrollo e implementaci\u00f3n&#8221; text=&#8221;A partir del RFP (Request For Proposal) provisto por el cliente, podemos elaborar una propuesta de Desarrollo de Software detallando las caracter\u00edsticas del producto a desarrollar, el tiempo estimado, esfuerzo y costo del proyecto. El equipo de proyecto prepara el plan de implementaci\u00f3n del producto y procede a su ejecuci\u00f3n, en las localidades y departamentos establecidos en el contrato de servicios.&#8221;] [\/nectar_icon_list_item][nectar_icon_list_item icon_type=&#8221;numerical&#8221; title=&#8221;List Item&#8221; id=&#8221;1598567637602-7&#8243; tab_id=&#8221;1598567637607-2&#8243; header=&#8221;Outsourcing&#8221;] [\/nectar_icon_list_item][\/nectar_icon_list][\/vc_column][\/vc_row][vc_row type=&#8221;full_width_background&#8221; full_screen_row_position=&#8221;middle&#8221; column_margin=&#8221;default&#8221; column_direction=&#8221;default&#8221; column_direction_tablet=&#8221;default&#8221; column_direction_phone=&#8221;default&#8221; bg_color=&#8221;#000000&#8243; scene_position=&#8221;center&#8221; top_padding=&#8221;6%&#8221; bottom_padding=&#8221;10%&#8221; text_color=&#8221;light&#8221; text_align=&#8221;left&#8221; row_border_radius=&#8221;none&#8221; row_border_radius_applies=&#8221;bg&#8221; overlay_strength=&#8221;0.3&#8243; gradient_direction=&#8221;left_to_right&#8221; shape_divider_position=&#8221;bottom&#8221; bg_image_animation=&#8221;none&#8221; shape_type=&#8221;&#8221;][vc_column column_padding=&#8221;no-extra-padding&#8221; column_padding_tablet=&#8221;inherit&#8221; column_padding_phone=&#8221;inherit&#8221; column_padding_position=&#8221;all&#8221; background_color_opacity=&#8221;1&#8243; background_hover_color_opacity=&#8221;1&#8243; column_shadow=&#8221;none&#8221; column_border_radius=&#8221;none&#8221; column_link_target=&#8221;_self&#8221; gradient_direction=&#8221;left_to_right&#8221; overlay_strength=&#8221;0.3&#8243; width=&#8221;1\/1&#8243; tablet_width_inherit=&#8221;default&#8221; tablet_text_alignment=&#8221;default&#8221; phone_text_alignment=&#8221;default&#8221; column_border_width=&#8221;none&#8221; column_border_style=&#8221;solid&#8221; bg_image_animation=&#8221;none&#8221;][nectar_animated_title heading_tag=&#8221;h4&#8243; style=&#8221;hinge-drop&#8221; color=&#8221;Accent-Color&#8221; text=&#8221;Productos&#8221;][divider line_type=&#8221;No Line&#8221; custom_height=&#8221;30&#8243;][nectar_icon_list color=&#8221;default&#8221; direction=&#8221;vertical&#8221; icon_size=&#8221;small&#8221; icon_style=&#8221;border&#8221;][nectar_icon_list_item icon_type=&#8221;numerical&#8221; title=&#8221;List Item&#8221; id=&#8221;1598567638214-9&#8243; tab_id=&#8221;1598567638218-6&#8243; header=&#8221;Easybank&#8221; text=&#8221;Es una soluci\u00f3n bancaria que automatiza la administraci\u00f3n, operaci\u00f3n y control de instituciones proveedoras de productos y servicios financieros, favoreciendo la toma de decisiones y la aplicaci\u00f3n de pol\u00edticas. Es una herramienta parametrizable, desarrollada en la plataforma Microsoft Visual Studio.NET, que permite realizar transacciones en l\u00ednea sobre los principales conceptos financieros, en un ambiente m\u00falti-usuario y m\u00falti-sucursal.&#8221;] [\/nectar_icon_list_item][nectar_icon_list_item icon_type=&#8221;numerical&#8221; title=&#8221;List Item&#8221; id=&#8221;1598567638479-3&#8243; tab_id=&#8221;1598567638484-10&#8243; header=&#8221;Bas-Manufacturing&#8221; text=&#8221;BAS-Manufacturing est\u00e1 dise\u00f1ado para empresas orientadas a la elaboraci\u00f3n de productos con caracter\u00edsticas particulares, abarcando todo el ciclo operacional de \u00e9sta: desde la gesti\u00f3n de ventas, dise\u00f1o, contrataci\u00f3n, fabricaci\u00f3n e instalaci\u00f3n hasta su futuro mantenimiento. Esta aplicaci\u00f3n permite mantener de manera continua la trazabilidad de los materiales, recursos humanos y tiempo invertido en cada una de las actividades envueltas en el proceso, logrando as\u00ed, una estrecha vigilancia de los costos y rentabilidad de los proyectos.&#8221;] [\/nectar_icon_list_item][nectar_icon_list_item icon_type=&#8221;numerical&#8221; title=&#8221;List Item&#8221; id=&#8221;1598567638620-6&#8243; tab_id=&#8221;1598567638624-4&#8243; header=&#8221;Collegal&#8221; text=&#8221;El sistema de Gesti\u00f3n de Cobros y Acciones Legales (COLLEGAL) es una plataforma de software que respalda el proceso de seguimiento y recuperaci\u00f3n de deudas, proveyendo identificaci\u00f3n autom\u00e1tica de la condici\u00f3n de cada cr\u00e9dito, asignaci\u00f3n de actividades a usuarios o grupos de trabajo y aplicaci\u00f3n de las pol\u00edticas de cobro establecidas por su empresa.&#8221;][\/nectar_icon_list_item][nectar_icon_list_item icon_type=&#8221;numerical&#8221; title=&#8221;List Item&#8221; id=&#8221;1598567638809-5&#8243; tab_id=&#8221;1598567638813-8&#8243; header=&#8221;BAS&#8221; text=&#8221;CAM Inform\u00e1tica ha desarrollado el Sistema BAS para dar respuesta a este requerimiento y hacer frente a las necesidades actuales garantizando salvaguardar la informaci\u00f3n financiera que necesitan los negocios, permitiendo tener en sus manos el control, y al mismo tiempo apoya el crecimiento de la empresa.&#8221;][\/nectar_icon_list_item][nectar_icon_list_item icon_type=&#8221;numerical&#8221; title=&#8221;List Item&#8221; id=&#8221;1598567639008-2&#8243; tab_id=&#8221;1598567639012-5&#8243; header=&#8221;SRH-Keops&#8221; text=&#8221;SRH\/Keops es una soluci\u00f3n de probada efectividad que le permite hacer frente a sus necesidades actuales de automatizaci\u00f3n garantizando salvaguardar la informaci\u00f3n de su personal y las transacciones financieras que necesita su negocio, permiti\u00e9ndole tener en sus manos el control y al mismo tiempo apoyar el crecimiento de su empresa.&#8221;][\/nectar_icon_list_item][\/nectar_icon_list][\/vc_column][\/vc_row]\n","protected":false},"excerpt":{"rendered":"<p>[vc_row type=&#8221;in_container&#8221; full_screen_row_position=&#8221;middle&#8221; column_margin=&#8221;default&#8221; column_direction=&#8221;default&#8221; column_direction_tablet=&#8221;default&#8221; column_direction_phone=&#8221;default&#8221; scene_position=&#8221;center&#8221; text_color=&#8221;dark&#8221; text_align=&#8221;left&#8221; row_border_radius=&#8221;none&#8221; row_border_radius_applies=&#8221;bg&#8221; overlay_strength=&#8221;0.3&#8243; gradient_direction=&#8221;left_to_right&#8221; shape_divider_position=&#8221;bottom&#8221; bg_image_animation=&#8221;none&#8221;][vc_column column_padding=&#8221;no-extra-padding&#8221; column_padding_tablet=&#8221;inherit&#8221; column_padding_phone=&#8221;inherit&#8221; column_padding_position=&#8221;all&#8221; background_color_opacity=&#8221;1&#8243; background_hover_color_opacity=&#8221;1&#8243; column_shadow=&#8221;none&#8221; column_border_radius=&#8221;none&#8221; column_link_target=&#8221;_self&#8221; gradient_direction=&#8221;left_to_right&#8221; overlay_strength=&#8221;0.3&#8243; width=&#8221;1\/2&#8243; tablet_width_inherit=&#8221;default&#8221; tablet_text_alignment=&#8221;default&#8221;&#8230;<\/p>\n","protected":false},"author":1,"featured_media":0,"parent":0,"menu_order":0,"comment_status":"closed","ping_status":"closed","template":"","meta":{"footnotes":""},"class_list":["post-6401","page","type-page","status-publish"],"_links":{"self":[{"href":"https:\/\/clustersoft.org.do\/index.php\/wp-json\/wp\/v2\/pages\/6401","targetHints":{"allow":["GET"]}}],"collection":[{"href":"https:\/\/clustersoft.org.do\/index.php\/wp-json\/wp\/v2\/pages"}],"about":[{"href":"https:\/\/clustersoft.org.do\/index.php\/wp-json\/wp\/v2\/types\/page"}],"author":[{"embeddable":true,"href":"https:\/\/clustersoft.org.do\/index.php\/wp-json\/wp\/v2\/users\/1"}],"replies":[{"embeddable":true,"href":"https:\/\/clustersoft.org.do\/index.php\/wp-json\/wp\/v2\/comments?post=6401"}],"version-history":[{"count":0,"href":"https:\/\/clustersoft.org.do\/index.php\/wp-json\/wp\/v2\/pages\/6401\/revisions"}],"wp:attachment":[{"href":"https:\/\/clustersoft.org.do\/index.php\/wp-json\/wp\/v2\/media?parent=6401"}],"curies":[{"name":"wp","href":"https:\/\/api.w.org\/{rel}","templated":true}]}}