{"id":6394,"date":"2020-08-26T22:06:19","date_gmt":"2020-08-26T22:06:19","guid":{"rendered":"https:\/\/clustersoft.org.do\/?page_id=6394"},"modified":"2020-11-17T22:58:37","modified_gmt":"2020-11-17T22:58:37","slug":"abc_software_cluster","status":"publish","type":"page","link":"https:\/\/clustersoft.org.do\/index.php\/abc_software_cluster\/","title":{"rendered":"ABC_Software_Cluster"},"content":{"rendered":"[vc_row type=&#8221;in_container&#8221; full_screen_row_position=&#8221;middle&#8221; column_margin=&#8221;default&#8221; column_direction=&#8221;default&#8221; column_direction_tablet=&#8221;default&#8221; column_direction_phone=&#8221;default&#8221; scene_position=&#8221;center&#8221; text_color=&#8221;dark&#8221; text_align=&#8221;left&#8221; row_border_radius=&#8221;none&#8221; row_border_radius_applies=&#8221;bg&#8221; overlay_strength=&#8221;0.3&#8243; gradient_direction=&#8221;left_to_right&#8221; shape_divider_position=&#8221;bottom&#8221; bg_image_animation=&#8221;none&#8221;][vc_column column_padding=&#8221;no-extra-padding&#8221; column_padding_tablet=&#8221;inherit&#8221; column_padding_phone=&#8221;inherit&#8221; column_padding_position=&#8221;all&#8221; background_color_opacity=&#8221;1&#8243; background_hover_color_opacity=&#8221;1&#8243; column_shadow=&#8221;none&#8221; column_border_radius=&#8221;none&#8221; column_link_target=&#8221;_self&#8221; gradient_direction=&#8221;left_to_right&#8221; overlay_strength=&#8221;0.3&#8243; width=&#8221;1\/2&#8243; tablet_width_inherit=&#8221;default&#8221; tablet_text_alignment=&#8221;default&#8221; phone_text_alignment=&#8221;default&#8221; column_border_width=&#8221;none&#8221; column_border_style=&#8221;solid&#8221; bg_image_animation=&#8221;none&#8221;][fancy_box box_style=&#8221;parallax_hover&#8221; icon_family=&#8221;none&#8221; image_url=&#8221;5932&#8243; parallax_hover_box_alignment=&#8221;middle&#8221; parallax_hover_box_overlay_opacity=&#8221;0&#8243; parallax_hover_box_overlay_opacity_hover=&#8221;0&#8243; border_radius=&#8221;default&#8221; image_loading=&#8221;default&#8221; enable_animation=&#8221;true&#8221; animation=&#8221;grow-in&#8221; min_height=&#8221;500&#8243;][\/fancy_box][\/vc_column][vc_column column_padding=&#8221;no-extra-padding&#8221; column_padding_tablet=&#8221;inherit&#8221; column_padding_phone=&#8221;inherit&#8221; column_padding_position=&#8221;all&#8221; background_color_opacity=&#8221;1&#8243; background_hover_color_opacity=&#8221;1&#8243; column_shadow=&#8221;none&#8221; column_border_radius=&#8221;none&#8221; column_link_target=&#8221;_self&#8221; gradient_direction=&#8221;left_to_right&#8221; overlay_strength=&#8221;0.3&#8243; width=&#8221;1\/2&#8243; tablet_width_inherit=&#8221;default&#8221; tablet_text_alignment=&#8221;default&#8221; phone_text_alignment=&#8221;default&#8221; column_border_width=&#8221;none&#8221; column_border_style=&#8221;solid&#8221; bg_image_animation=&#8221;none&#8221;][nectar_highlighted_text color_type=&#8221;regular&#8221; highlight_color=&#8221;#00adee&#8221; style=&#8221;half_text&#8221; custom_font_size=&#8221;5vw&#8221;]\n<h1><em>ABC Software<\/em><\/h1>\n[\/nectar_highlighted_text][vc_column_text]\n<div class=\"wpb_text_column wpb_content_element \">\n<div id=\"ct_jvazirexrym4tuym6ilq\" class=\"wpb_wrapper\">\n<div class=\"wpb_text_column wpb_content_element \">\n<div class=\"wpb_wrapper\">\n<p>Es una empresa dedicada a la implementaci\u00f3n de sistemas de control de asistencia, desarrollo de software para W98, WME, W2000, Wnt, XP y W2003 y WVista en el \u00e1rea mencionada.<\/p>\n<p>Nuestros programas se desarrollan en plataformas de Microsoft. En este momento, contamos con una amplia gama de clientes que nos ha permitido ampliar nuestra experiencia en el \u00e1rea de control de asistencia.<\/p>\n<p><strong>Misi\u00f3n<\/strong><br \/>\nDesarrollar el m\u00e1s moderno y completo sistema de control de asistencia y c\u00e1lculo de horas de trabajo del mundo con servicios 100% satisfactorio.<\/p>\n<p><strong>Visi\u00f3n<\/strong><br \/>\nSer l\u00edder en los controles de asistencia y c\u00e1lculo de horas de trabajo brindando la mayor rapidez en respuesta y calidad sobre nuestros productos<\/p>\n<p><strong>Mercado objetivo<\/strong><br \/>\nTodo tipo de empresas que tengan personal para controlar asistencia y realizar pagos<\/p>\n<p><strong>Direcci\u00f3n<\/strong><br \/>\nAV. M\u00e1ximo G\u00f3mez 29-B Plaza Gazcue Suite del 502 al 510. Sector Gazcue, Santo Domingo, Rep. Dominicana. (Frente a UTESA)<\/p>\n<\/div>\n<\/div>\n<\/div>\n<\/div>\n<div class=\"clearfix\"><strong><a href=\"https:\/\/clustersoftstore2.verynice.io\/index.php\/vendor\/abc-software-srl\/\" target=\"_blank\" rel=\"noopener noreferrer\">VER TIENDA<\/a><\/strong><\/div>\n[\/vc_column_text][divider line_type=&#8221;Full Width Line&#8221; line_thickness=&#8221;1&#8243; divider_color=&#8221;extra-color-gradient-2&#8243; animate=&#8221;yes&#8221;][vc_column_text]T: <a href=\"tel:8096887773\">809.688.7773<\/a><br \/>\nE: <a href=\"mailto:ABC@abcsoft.com\">ABC@abcsoft.com<\/a><br \/>\nW: <a href=\"http:\/\/www.abcxsoft.com\/\">ABC Software<\/a>[\/vc_column_text][nectar_icon icon_family=&#8221;fontawesome&#8221; icon_style=&#8221;default&#8221; icon_color_type=&#8221;color_scheme&#8221; icon_color=&#8221;Extra-Color-1&#8243; icon_padding=&#8221;0px&#8221; icon_fontawesome=&#8221;fa fa-facebook&#8221; icon_size=&#8221;22&#8243;][nectar_icon icon_family=&#8221;fontawesome&#8221; icon_style=&#8221;default&#8221; icon_color_type=&#8221;color_scheme&#8221; icon_color=&#8221;Extra-Color-1&#8243; icon_padding=&#8221;0px&#8221; icon_fontawesome=&#8221;fa fa-instagram&#8221; icon_size=&#8221;22&#8243;][\/vc_column][\/vc_row][vc_row type=&#8221;full_width_background&#8221; full_screen_row_position=&#8221;middle&#8221; column_margin=&#8221;default&#8221; column_direction=&#8221;default&#8221; column_direction_tablet=&#8221;default&#8221; column_direction_phone=&#8221;default&#8221; bg_color=&#8221;#000000&#8243; scene_position=&#8221;center&#8221; top_padding=&#8221;6%&#8221; bottom_padding=&#8221;10%&#8221; text_color=&#8221;light&#8221; text_align=&#8221;left&#8221; row_border_radius=&#8221;none&#8221; row_border_radius_applies=&#8221;bg&#8221; overlay_strength=&#8221;0.3&#8243; gradient_direction=&#8221;left_to_right&#8221; shape_divider_position=&#8221;bottom&#8221; bg_image_animation=&#8221;none&#8221; shape_type=&#8221;&#8221;][vc_column column_padding=&#8221;no-extra-padding&#8221; column_padding_tablet=&#8221;inherit&#8221; column_padding_phone=&#8221;inherit&#8221; column_padding_position=&#8221;all&#8221; background_color_opacity=&#8221;1&#8243; background_hover_color_opacity=&#8221;1&#8243; column_shadow=&#8221;none&#8221; column_border_radius=&#8221;none&#8221; column_link_target=&#8221;_self&#8221; gradient_direction=&#8221;left_to_right&#8221; overlay_strength=&#8221;0.3&#8243; width=&#8221;1\/1&#8243; tablet_width_inherit=&#8221;default&#8221; tablet_text_alignment=&#8221;default&#8221; phone_text_alignment=&#8221;default&#8221; column_border_width=&#8221;none&#8221; column_border_style=&#8221;solid&#8221; bg_image_animation=&#8221;none&#8221;][nectar_animated_title heading_tag=&#8221;h4&#8243; style=&#8221;hinge-drop&#8221; color=&#8221;Accent-Color&#8221; text=&#8221;Productos&#8221;][divider line_type=&#8221;No Line&#8221; custom_height=&#8221;30&#8243;][nectar_icon_list color=&#8221;default&#8221; direction=&#8221;vertical&#8221; icon_size=&#8221;small&#8221; icon_style=&#8221;border&#8221;][nectar_icon_list_item icon_type=&#8221;numerical&#8221; title=&#8221;List Item&#8221; id=&#8221;1598565499987-9&#8243; tab_id=&#8221;1598565499991-9&#8243; header=&#8221;XWINSCT&#8221; text=&#8221;Sistema de control de asistencia y c\u00e1lculo de horas de trabajo usando equipos de ponchado para darle las horas trabajadas a un sistema de n\u00f3minas.&#8221;][vc_column_text][\/vc_column_text][\/nectar_icon_list_item][nectar_icon_list_item icon_type=&#8221;numerical&#8221; title=&#8221;List Item&#8221; id=&#8221;1598565500252-4&#8243; tab_id=&#8221;1598565500256-4&#8243; header=&#8221;BIOCAF&#8221; text=&#8221;Sistema de despacho de comida a empleados dentro de una empresa usando biometr\u00eda para descontarle la cuota en un sistema de nominas existente en la empresa.&#8221;][vc_column_text][\/vc_column_text][\/nectar_icon_list_item][nectar_icon_list_item icon_type=&#8221;numerical&#8221; title=&#8221;List Item&#8221; id=&#8221;1598565500381-10&#8243; tab_id=&#8221;1598565500384-3&#8243; header=&#8221;BDD&#8221; text=&#8221;Biometric Desktop driver. Aplicaci\u00f3n Smart Driver que permite colocar biometr\u00eda a una aplicaci\u00f3n existente sin tener que hacerle modificaciones. Maneja fotos y huellas digitales.&#8221;][\/nectar_icon_list_item][nectar_icon_list_item icon_type=&#8221;numerical&#8221; title=&#8221;List Item&#8221; id=&#8221;1598565500481-4&#8243; tab_id=&#8221;1598565500485-10&#8243; header=&#8221;PCPROXY&#8221; text=&#8221;Proxy Driver. Modulo para leer tarjetas de proximidad en una PC y que introduzca los datos a una aplicaci\u00f3n existente.&#8221;][\/nectar_icon_list_item][nectar_icon_list_item icon_type=&#8221;numerical&#8221; title=&#8221;List Item&#8221; id=&#8221;1598565500640-9&#8243; tab_id=&#8221;1598565500643-7&#8243; header=&#8221;GYM01&#8243; text=&#8221;Modulo conector de control de acceso para clientes de un gimnasio o club que paga membrec\u00eda usando equipos de control de acceso (Pas\u00edmetros o torniquetes). Se acopla a sistema de cobros existentes.&#8221;][\/nectar_icon_list_item][nectar_icon_list_item icon_type=&#8221;numerical&#8221; title=&#8221;List Item&#8221; id=&#8221;1598565500816-8&#8243; tab_id=&#8221;1598565500818-10&#8243; header=&#8221;WINVISIT&#8221; text=&#8221;Control de visitantes biom\u00e9trico para empresas de alto volumen de visitas usando equipos de control de acceso (Pas\u00edmetros o Torniquetes).&#8221;][\/nectar_icon_list_item][\/nectar_icon_list][\/vc_column][\/vc_row]\n","protected":false},"excerpt":{"rendered":"<p>[vc_row type=&#8221;in_container&#8221; full_screen_row_position=&#8221;middle&#8221; column_margin=&#8221;default&#8221; column_direction=&#8221;default&#8221; column_direction_tablet=&#8221;default&#8221; column_direction_phone=&#8221;default&#8221; scene_position=&#8221;center&#8221; text_color=&#8221;dark&#8221; text_align=&#8221;left&#8221; row_border_radius=&#8221;none&#8221; row_border_radius_applies=&#8221;bg&#8221; overlay_strength=&#8221;0.3&#8243; gradient_direction=&#8221;left_to_right&#8221; shape_divider_position=&#8221;bottom&#8221; bg_image_animation=&#8221;none&#8221;][vc_column column_padding=&#8221;no-extra-padding&#8221; column_padding_tablet=&#8221;inherit&#8221; column_padding_phone=&#8221;inherit&#8221; column_padding_position=&#8221;all&#8221; background_color_opacity=&#8221;1&#8243; background_hover_color_opacity=&#8221;1&#8243; column_shadow=&#8221;none&#8221; column_border_radius=&#8221;none&#8221; column_link_target=&#8221;_self&#8221; gradient_direction=&#8221;left_to_right&#8221; overlay_strength=&#8221;0.3&#8243; width=&#8221;1\/2&#8243; tablet_width_inherit=&#8221;default&#8221; tablet_text_alignment=&#8221;default&#8221;&#8230;<\/p>\n","protected":false},"author":1,"featured_media":0,"parent":0,"menu_order":0,"comment_status":"closed","ping_status":"closed","template":"","meta":{"footnotes":""},"class_list":["post-6394","page","type-page","status-publish"],"_links":{"self":[{"href":"https:\/\/clustersoft.org.do\/index.php\/wp-json\/wp\/v2\/pages\/6394","targetHints":{"allow":["GET"]}}],"collection":[{"href":"https:\/\/clustersoft.org.do\/index.php\/wp-json\/wp\/v2\/pages"}],"about":[{"href":"https:\/\/clustersoft.org.do\/index.php\/wp-json\/wp\/v2\/types\/page"}],"author":[{"embeddable":true,"href":"https:\/\/clustersoft.org.do\/index.php\/wp-json\/wp\/v2\/users\/1"}],"replies":[{"embeddable":true,"href":"https:\/\/clustersoft.org.do\/index.php\/wp-json\/wp\/v2\/comments?post=6394"}],"version-history":[{"count":0,"href":"https:\/\/clustersoft.org.do\/index.php\/wp-json\/wp\/v2\/pages\/6394\/revisions"}],"wp:attachment":[{"href":"https:\/\/clustersoft.org.do\/index.php\/wp-json\/wp\/v2\/media?parent=6394"}],"curies":[{"name":"wp","href":"https:\/\/api.w.org\/{rel}","templated":true}]}}