{"id":6391,"date":"2020-08-26T21:58:11","date_gmt":"2020-08-26T21:58:11","guid":{"rendered":"https:\/\/clustersoft.org.do\/?page_id=6391"},"modified":"2023-02-09T02:52:06","modified_gmt":"2023-02-09T02:52:06","slug":"hostseven_cluster","status":"publish","type":"page","link":"https:\/\/clustersoft.org.do\/index.php\/hostseven_cluster\/","title":{"rendered":"HostSeven_Cluster"},"content":{"rendered":"[vc_row type=&#8221;in_container&#8221; full_screen_row_position=&#8221;middle&#8221; column_margin=&#8221;default&#8221; column_direction=&#8221;default&#8221; column_direction_tablet=&#8221;default&#8221; column_direction_phone=&#8221;default&#8221; scene_position=&#8221;center&#8221; text_color=&#8221;dark&#8221; text_align=&#8221;left&#8221; row_border_radius=&#8221;none&#8221; row_border_radius_applies=&#8221;bg&#8221; overlay_strength=&#8221;0.3&#8243; gradient_direction=&#8221;left_to_right&#8221; shape_divider_position=&#8221;bottom&#8221; bg_image_animation=&#8221;none&#8221;][vc_column column_padding=&#8221;no-extra-padding&#8221; column_padding_tablet=&#8221;inherit&#8221; column_padding_phone=&#8221;inherit&#8221; column_padding_position=&#8221;all&#8221; background_color_opacity=&#8221;1&#8243; background_hover_color_opacity=&#8221;1&#8243; column_shadow=&#8221;none&#8221; column_border_radius=&#8221;none&#8221; column_link_target=&#8221;_self&#8221; gradient_direction=&#8221;left_to_right&#8221; overlay_strength=&#8221;0.3&#8243; width=&#8221;1\/2&#8243; tablet_width_inherit=&#8221;default&#8221; tablet_text_alignment=&#8221;default&#8221; phone_text_alignment=&#8221;default&#8221; column_border_width=&#8221;none&#8221; column_border_style=&#8221;solid&#8221; bg_image_animation=&#8221;none&#8221;][fancy_box box_style=&#8221;parallax_hover&#8221; icon_family=&#8221;none&#8221; image_url=&#8221;6444&#8243; parallax_hover_box_alignment=&#8221;middle&#8221; parallax_hover_box_overlay_opacity=&#8221;0&#8243; parallax_hover_box_overlay_opacity_hover=&#8221;0&#8243; border_radius=&#8221;default&#8221; image_loading=&#8221;default&#8221; enable_animation=&#8221;true&#8221; animation=&#8221;grow-in&#8221; min_height=&#8221;500&#8243;][\/fancy_box][\/vc_column][vc_column column_padding=&#8221;no-extra-padding&#8221; column_padding_tablet=&#8221;inherit&#8221; column_padding_phone=&#8221;inherit&#8221; column_padding_position=&#8221;all&#8221; background_color_opacity=&#8221;1&#8243; background_hover_color_opacity=&#8221;1&#8243; column_shadow=&#8221;none&#8221; column_border_radius=&#8221;none&#8221; column_link_target=&#8221;_self&#8221; gradient_direction=&#8221;left_to_right&#8221; overlay_strength=&#8221;0.3&#8243; width=&#8221;1\/2&#8243; tablet_width_inherit=&#8221;default&#8221; tablet_text_alignment=&#8221;default&#8221; phone_text_alignment=&#8221;default&#8221; column_border_width=&#8221;none&#8221; column_border_style=&#8221;solid&#8221; bg_image_animation=&#8221;none&#8221;][nectar_highlighted_text color_type=&#8221;regular&#8221; highlight_color=&#8221;#00adee&#8221; style=&#8221;half_text&#8221; custom_font_size=&#8221;5vw&#8221;]\n<h1><em>HostSeven<\/em><\/h1>\n[\/nectar_highlighted_text][vc_column_text]HostSeven nace en el a\u00f1o 2004, producto de la fusi\u00f3n de las empresas Sistemas Expertos y Consultores Tecnol\u00f3gicos. Enfocada a satisfacer nichos de mercados a trav\u00e9s de productos innovadores utilizando tecnolog\u00eda de punta, respaldada por un equipo humano con altas competencias en el \u00e1rea de TI.<\/p>\n<p>Para el a\u00f1o 2005 lanza al mercado Cobritos, sistema de gesti\u00f3n de cobranzas, para el sector empresarial, evolucionando a un CRM (VeoCRM) para el a\u00f1o 2007.<\/p>\n<p>Somos el principal proveedor para el mercado nacional de Sistemas para la Gesti\u00f3n de Cobros en el sector de la Banca Comercial y Oficinas de Cobranzas as\u00ed como Sistemas para Gimnasios.<\/p>\n<p><strong>Misi\u00f3n<\/strong><br \/>\nProveer tecnolog\u00eda de punta y productos excepcionales para garantizar el crecimiento constante de nuestros clientes y relacionados.<\/p>\n<p><strong>Visi\u00f3n<\/strong><br \/>\nExceder las expectativas de nuestros clientes, ofreciendo soluciones tecnol\u00f3gicas de innovaci\u00f3n y calidad.<\/p>\n<p><strong>Mercado Objetivo<\/strong><br \/>\nMercado Bancario<br \/>\nMercado de Cobranzas<br \/>\nMercado de Servicios<br \/>\nMercado de Contact Center y Call Center<br \/>\nMercado de Transportaci\u00f3n y Log\u00edstica&#8221;<\/p>\n<p><strong>Direcci\u00f3n<\/strong><br \/>\nEdificio Corporativo 20-15, Calle Filomena G\u00f3mez de Cova casi esq. Gustavo Mej\u00eda Ricart Local 1801, Piso 18, Ens. Piantini.[\/vc_column_text][divider line_type=&#8221;Full Width Line&#8221; line_thickness=&#8221;1&#8243; divider_color=&#8221;extra-color-gradient-2&#8243; animate=&#8221;yes&#8221;][vc_column_text]T: <a href=\"tel:8095372600\">809.537.2600<\/a><br \/>\nE: <a href=\"mailto:jjcosme@gmail.com\">jjcosme@gmail.com<\/a><br \/>\nW: <a href=\"http:\/\/www.hostseven.com\/index.php\">hostseven.com<\/a>[\/vc_column_text][nectar_icon icon_family=&#8221;fontawesome&#8221; icon_style=&#8221;default&#8221; icon_color_type=&#8221;color_scheme&#8221; icon_color=&#8221;Extra-Color-1&#8243; icon_padding=&#8221;0px&#8221; icon_fontawesome=&#8221;fa fa-facebook&#8221; icon_size=&#8221;22&#8243;][nectar_icon icon_family=&#8221;fontawesome&#8221; icon_style=&#8221;default&#8221; icon_color_type=&#8221;color_scheme&#8221; icon_color=&#8221;Extra-Color-1&#8243; icon_padding=&#8221;0px&#8221; icon_fontawesome=&#8221;fa fa-instagram&#8221; icon_size=&#8221;22&#8243;][\/vc_column][\/vc_row][vc_row type=&#8221;full_width_background&#8221; full_screen_row_position=&#8221;middle&#8221; column_margin=&#8221;default&#8221; column_direction=&#8221;default&#8221; column_direction_tablet=&#8221;default&#8221; column_direction_phone=&#8221;default&#8221; bg_color=&#8221;#000000&#8243; scene_position=&#8221;center&#8221; top_padding=&#8221;6%&#8221; bottom_padding=&#8221;10%&#8221; text_color=&#8221;light&#8221; text_align=&#8221;left&#8221; row_border_radius=&#8221;none&#8221; row_border_radius_applies=&#8221;bg&#8221; overlay_strength=&#8221;0.3&#8243; gradient_direction=&#8221;left_to_right&#8221; shape_divider_position=&#8221;bottom&#8221; bg_image_animation=&#8221;none&#8221; shape_type=&#8221;&#8221;][vc_column column_padding=&#8221;no-extra-padding&#8221; column_padding_tablet=&#8221;inherit&#8221; column_padding_phone=&#8221;inherit&#8221; column_padding_position=&#8221;all&#8221; background_color_opacity=&#8221;1&#8243; background_hover_color_opacity=&#8221;1&#8243; column_shadow=&#8221;none&#8221; column_border_radius=&#8221;none&#8221; column_link_target=&#8221;_self&#8221; gradient_direction=&#8221;left_to_right&#8221; overlay_strength=&#8221;0.3&#8243; width=&#8221;1\/1&#8243; tablet_width_inherit=&#8221;default&#8221; tablet_text_alignment=&#8221;default&#8221; phone_text_alignment=&#8221;default&#8221; column_border_width=&#8221;none&#8221; column_border_style=&#8221;solid&#8221; bg_image_animation=&#8221;none&#8221;][nectar_animated_title heading_tag=&#8221;h4&#8243; style=&#8221;hinge-drop&#8221; color=&#8221;Accent-Color&#8221; text=&#8221;Productos&#8221;][divider line_type=&#8221;No Line&#8221; custom_height=&#8221;30&#8243;][nectar_icon_list color=&#8221;default&#8221; direction=&#8221;vertical&#8221; icon_size=&#8221;small&#8221; icon_style=&#8221;border&#8221;][nectar_icon_list_item icon_type=&#8221;numerical&#8221; title=&#8221;List Item&#8221; id=&#8221;1675911094763-7&#8243; tab_id=&#8221;1675911094763-1&#8243; header=&#8221;VeoCourier&#8221; text=&#8221;VeoCourier es un sistema especializado de gesti\u00f3n para empresas de transportaci\u00f3n de paqueter\u00eda, carga a\u00e9rea y mar\u00edtima de forma consolidada como suelta, con la incorporaci\u00f3n de un sistema CRM (Customer Relationship Managment) para el control y seguimiento de las interacciones entre el cliente y su empresa.&#8221;][vc_column_text][\/vc_column_text][\/nectar_icon_list_item][nectar_icon_list_item icon_type=&#8221;numerical&#8221; title=&#8221;List Item&#8221; id=&#8221;1675911094835-3&#8243; tab_id=&#8221;1675911094837-4&#8243; header=&#8221;VCTalk&#8221; text=&#8221;Realiza llamadas repetitivas de cobros o promociones, este equipo tiene la capacidad de realizar m\u00e1s de 4,000 llamadas en su versi\u00f3n m\u00e1s peque\u00f1a. VCTalk es la Herramienta perfecta de toda compa\u00f1\u00eda que desea contactar clientes. Dispone adem\u00e1s el env\u00edo de SMS y Email masivos de forma inteligente.&#8221;][vc_column_text][\/vc_column_text][\/nectar_icon_list_item][nectar_icon_list_item icon_type=&#8221;numerical&#8221; title=&#8221;List Item&#8221; id=&#8221;1675911094871-8&#8243; tab_id=&#8221;1675911094873-6&#8243; header=&#8221;VeoInsurance&#8221; text=&#8221;VeoInsurance es el sistema en ambiente web que todo corredor de seguros debe apoyarse para lograr el mas alto nivel de excelencia en el manejo diario de sus operaciones, permiti\u00e9ndole enfocarse en el desarrollo permanente de su cartera, asegurando un servicio eficaz.&#8221;][vc_column_text][\/vc_column_text][\/nectar_icon_list_item][nectar_icon_list_item icon_type=&#8221;numerical&#8221; title=&#8221;List Item&#8221; id=&#8221;1675911094908-10&#8243; tab_id=&#8221;1675911094909-1&#8243; header=&#8221;VeoCRM&#8221; text=&#8221;Es un sistema administrativo CRM (Customer Relationship Managment) dise\u00f1ado especialmente para optimizar la gesti\u00f3n de actividades con sus clientes, de una forma simple, segura y confiable. Dispone adem\u00e1s de m\u00f3dulos intregrables especializados para las actividades de Gesti\u00f3n de Cobros, Telemercadeo y Encuestas.&#8221;][\/nectar_icon_list_item][nectar_icon_list_item icon_type=&#8221;numerical&#8221; title=&#8221;List Item&#8221; id=&#8221;1675911094940-6&#8243; tab_id=&#8221;1675911094940-1&#8243; header=&#8221;Cobritos&#8221; text=&#8221;Es un sistema administrativo dise\u00f1ado especialmente para optimizar la gesti\u00f3n de cobros de las carteras de deudores, de una forma simple, segura y confiable.<br \/>\nNace de la necesidad de empresas gestoras de cobros de una plataforma tecnol\u00f3gica confiable que le permita eficientizar los procesos de gesti\u00f3n de sus carteras.&#8221;][\/nectar_icon_list_item][nectar_icon_list_item icon_type=&#8221;numerical&#8221; title=&#8221;List Item&#8221; id=&#8221;1675911094986-8&#8243; tab_id=&#8221;1675911094987-0&#8243; header=&#8221;GymPowernet&#8221; text=&#8221;GymPowernet es un software administrativo creado con la finalidad de optimizar y minimizar los procesos operativos y administrativos de los gimnasios as\u00ed como agilizar el proceso del departamento de Ventas y Mercadeo. Contiene las herramientas necesarias que su gimnasio necesita, empleando avanzada tecnolog\u00eda.&#8221;][\/nectar_icon_list_item][\/nectar_icon_list][\/vc_column][\/vc_row]\n","protected":false},"excerpt":{"rendered":"<p>[vc_row type=&#8221;in_container&#8221; full_screen_row_position=&#8221;middle&#8221; column_margin=&#8221;default&#8221; column_direction=&#8221;default&#8221; column_direction_tablet=&#8221;default&#8221; column_direction_phone=&#8221;default&#8221; scene_position=&#8221;center&#8221; text_color=&#8221;dark&#8221; text_align=&#8221;left&#8221; row_border_radius=&#8221;none&#8221; row_border_radius_applies=&#8221;bg&#8221; overlay_strength=&#8221;0.3&#8243; gradient_direction=&#8221;left_to_right&#8221; shape_divider_position=&#8221;bottom&#8221; bg_image_animation=&#8221;none&#8221;][vc_column column_padding=&#8221;no-extra-padding&#8221; column_padding_tablet=&#8221;inherit&#8221; column_padding_phone=&#8221;inherit&#8221; column_padding_position=&#8221;all&#8221; background_color_opacity=&#8221;1&#8243; background_hover_color_opacity=&#8221;1&#8243; column_shadow=&#8221;none&#8221; column_border_radius=&#8221;none&#8221; column_link_target=&#8221;_self&#8221; gradient_direction=&#8221;left_to_right&#8221; overlay_strength=&#8221;0.3&#8243; width=&#8221;1\/2&#8243; tablet_width_inherit=&#8221;default&#8221; tablet_text_alignment=&#8221;default&#8221;&#8230;<\/p>\n","protected":false},"author":1,"featured_media":0,"parent":0,"menu_order":0,"comment_status":"closed","ping_status":"closed","template":"","meta":{"footnotes":""},"class_list":["post-6391","page","type-page","status-publish"],"_links":{"self":[{"href":"https:\/\/clustersoft.org.do\/index.php\/wp-json\/wp\/v2\/pages\/6391","targetHints":{"allow":["GET"]}}],"collection":[{"href":"https:\/\/clustersoft.org.do\/index.php\/wp-json\/wp\/v2\/pages"}],"about":[{"href":"https:\/\/clustersoft.org.do\/index.php\/wp-json\/wp\/v2\/types\/page"}],"author":[{"embeddable":true,"href":"https:\/\/clustersoft.org.do\/index.php\/wp-json\/wp\/v2\/users\/1"}],"replies":[{"embeddable":true,"href":"https:\/\/clustersoft.org.do\/index.php\/wp-json\/wp\/v2\/comments?post=6391"}],"version-history":[{"count":1,"href":"https:\/\/clustersoft.org.do\/index.php\/wp-json\/wp\/v2\/pages\/6391\/revisions"}],"predecessor-version":[{"id":6805,"href":"https:\/\/clustersoft.org.do\/index.php\/wp-json\/wp\/v2\/pages\/6391\/revisions\/6805"}],"wp:attachment":[{"href":"https:\/\/clustersoft.org.do\/index.php\/wp-json\/wp\/v2\/media?parent=6391"}],"curies":[{"name":"wp","href":"https:\/\/api.w.org\/{rel}","templated":true}]}}