{"id":6385,"date":"2020-08-26T21:18:25","date_gmt":"2020-08-26T21:18:25","guid":{"rendered":"https:\/\/clustersoft.org.do\/?page_id=6385"},"modified":"2020-08-27T21:37:38","modified_gmt":"2020-08-27T21:37:38","slug":"simetrica_consulting_cluster","status":"publish","type":"page","link":"https:\/\/clustersoft.org.do\/index.php\/simetrica_consulting_cluster\/","title":{"rendered":"Simetrica_Consulting_Cluster"},"content":{"rendered":"[vc_row type=&#8221;in_container&#8221; full_screen_row_position=&#8221;middle&#8221; column_margin=&#8221;default&#8221; column_direction=&#8221;default&#8221; column_direction_tablet=&#8221;default&#8221; column_direction_phone=&#8221;default&#8221; scene_position=&#8221;center&#8221; text_color=&#8221;dark&#8221; text_align=&#8221;left&#8221; row_border_radius=&#8221;none&#8221; row_border_radius_applies=&#8221;bg&#8221; overlay_strength=&#8221;0.3&#8243; gradient_direction=&#8221;left_to_right&#8221; shape_divider_position=&#8221;bottom&#8221; bg_image_animation=&#8221;none&#8221;][vc_column column_padding=&#8221;no-extra-padding&#8221; column_padding_tablet=&#8221;inherit&#8221; column_padding_phone=&#8221;inherit&#8221; column_padding_position=&#8221;all&#8221; background_color_opacity=&#8221;1&#8243; background_hover_color_opacity=&#8221;1&#8243; column_shadow=&#8221;none&#8221; column_border_radius=&#8221;none&#8221; column_link_target=&#8221;_self&#8221; gradient_direction=&#8221;left_to_right&#8221; overlay_strength=&#8221;0.3&#8243; width=&#8221;1\/2&#8243; tablet_width_inherit=&#8221;default&#8221; tablet_text_alignment=&#8221;default&#8221; phone_text_alignment=&#8221;default&#8221; column_border_width=&#8221;none&#8221; column_border_style=&#8221;solid&#8221; bg_image_animation=&#8221;none&#8221;][fancy_box box_style=&#8221;parallax_hover&#8221; icon_family=&#8221;none&#8221; image_url=&#8221;6436&#8243; parallax_hover_box_alignment=&#8221;middle&#8221; parallax_hover_box_overlay_opacity=&#8221;0&#8243; parallax_hover_box_overlay_opacity_hover=&#8221;0&#8243; border_radius=&#8221;default&#8221; image_loading=&#8221;default&#8221; enable_animation=&#8221;true&#8221; animation=&#8221;grow-in&#8221; min_height=&#8221;500&#8243;][\/fancy_box][\/vc_column][vc_column column_padding=&#8221;no-extra-padding&#8221; column_padding_tablet=&#8221;inherit&#8221; column_padding_phone=&#8221;inherit&#8221; column_padding_position=&#8221;all&#8221; background_color_opacity=&#8221;1&#8243; background_hover_color_opacity=&#8221;1&#8243; column_shadow=&#8221;none&#8221; column_border_radius=&#8221;none&#8221; column_link_target=&#8221;_self&#8221; gradient_direction=&#8221;left_to_right&#8221; overlay_strength=&#8221;0.3&#8243; width=&#8221;1\/2&#8243; tablet_width_inherit=&#8221;default&#8221; tablet_text_alignment=&#8221;default&#8221; phone_text_alignment=&#8221;default&#8221; column_border_width=&#8221;none&#8221; column_border_style=&#8221;solid&#8221; bg_image_animation=&#8221;none&#8221;][nectar_highlighted_text color_type=&#8221;regular&#8221; highlight_color=&#8221;#00adee&#8221; style=&#8221;half_text&#8221; custom_font_size=&#8221;5vw&#8221;]\n<h1><em>Simetrica Consulting<\/em><\/h1>\n[\/nectar_highlighted_text][vc_column_text]Sim\u00e9trica Consulting es una empresa de consultor\u00eda que se ha distinguido y consolidado como Sin\u00f3nimo de Calidad, por la excelencia, en los servicios de consultor\u00eda e implementaci\u00f3n de soluciones de negocio\u2026[\/vc_column_text][divider line_type=&#8221;Full Width Line&#8221; line_thickness=&#8221;1&#8243; divider_color=&#8221;extra-color-gradient-2&#8243; animate=&#8221;yes&#8221;][vc_column_text]T:<a href=\"tel:8094722300\">809.472.2300<\/a><br \/>\nE:<a href=\"mailto:\">Pendiente<\/a><br \/>\n<a href=\"https:\/\/www.simetricaconsulting.com\/\">simetricaconsulting.com<\/a>[\/vc_column_text][nectar_icon icon_family=&#8221;fontawesome&#8221; icon_style=&#8221;default&#8221; icon_color_type=&#8221;color_scheme&#8221; icon_color=&#8221;Extra-Color-1&#8243; icon_padding=&#8221;0px&#8221; icon_fontawesome=&#8221;fa fa-facebook&#8221; icon_size=&#8221;22&#8243;][nectar_icon icon_family=&#8221;fontawesome&#8221; icon_style=&#8221;default&#8221; icon_color_type=&#8221;color_scheme&#8221; icon_color=&#8221;Extra-Color-1&#8243; icon_padding=&#8221;0px&#8221; icon_fontawesome=&#8221;fa fa-instagram&#8221; icon_size=&#8221;22&#8243;][\/vc_column][\/vc_row][vc_row type=&#8221;full_width_background&#8221; full_screen_row_position=&#8221;middle&#8221; column_margin=&#8221;default&#8221; column_direction=&#8221;default&#8221; column_direction_tablet=&#8221;default&#8221; column_direction_phone=&#8221;default&#8221; bg_color=&#8221;#000000&#8243; scene_position=&#8221;center&#8221; top_padding=&#8221;6%&#8221; bottom_padding=&#8221;10%&#8221; text_color=&#8221;light&#8221; text_align=&#8221;left&#8221; row_border_radius=&#8221;none&#8221; row_border_radius_applies=&#8221;bg&#8221; overlay_strength=&#8221;0.3&#8243; gradient_direction=&#8221;left_to_right&#8221; shape_divider_position=&#8221;bottom&#8221; bg_image_animation=&#8221;none&#8221; shape_type=&#8221;&#8221;][vc_column column_padding=&#8221;no-extra-padding&#8221; column_padding_tablet=&#8221;inherit&#8221; column_padding_phone=&#8221;inherit&#8221; column_padding_position=&#8221;all&#8221; background_color_opacity=&#8221;1&#8243; background_hover_color_opacity=&#8221;1&#8243; column_shadow=&#8221;none&#8221; column_border_radius=&#8221;none&#8221; column_link_target=&#8221;_self&#8221; gradient_direction=&#8221;left_to_right&#8221; overlay_strength=&#8221;0.3&#8243; width=&#8221;1\/1&#8243; tablet_width_inherit=&#8221;default&#8221; tablet_text_alignment=&#8221;default&#8221; phone_text_alignment=&#8221;default&#8221; column_border_width=&#8221;none&#8221; column_border_style=&#8221;solid&#8221; bg_image_animation=&#8221;none&#8221;][nectar_animated_title heading_tag=&#8221;h4&#8243; style=&#8221;hinge-drop&#8221; color=&#8221;Accent-Color&#8221; text=&#8221;Servicios&#8221;][divider line_type=&#8221;No Line&#8221; custom_height=&#8221;30&#8243;][nectar_icon_list color=&#8221;default&#8221; direction=&#8221;vertical&#8221; icon_size=&#8221;small&#8221; icon_style=&#8221;border&#8221;][nectar_icon_list_item icon_type=&#8221;numerical&#8221; title=&#8221;List Item&#8221; id=&#8221;1598563813125-2&#8243; tab_id=&#8221;1598563813128-8&#8243; header=&#8221;Business Requirements Factory&#8221; text=&#8221;Uno de los servicios que ofrecemos es la f\u00e1brica de desarrollo de requerimientos o de sistemas, a trav\u00e9s de la cual nuestros clientes pueden dedicarse a las actividades propias de su negocio&#8221;] [\/nectar_icon_list_item][nectar_icon_list_item icon_type=&#8221;numerical&#8221; title=&#8221;List Item&#8221; id=&#8221;1598563813390-2&#8243; tab_id=&#8221;1598563813394-0&#8243; header=&#8221;Migraci\u00f3n de Aplicaciones&#8221; text=&#8221;Ofrecemos los servicios para hacer conversiones o migraciones de las aplicaciones del cliente, llev\u00e1ndolas a nuevas versiones de base de datos y de herramientas de desarrollo&#8221;] [\/nectar_icon_list_item][nectar_icon_list_item icon_type=&#8221;numerical&#8221; title=&#8221;List Item&#8221; id=&#8221;1598563813538-7&#8243; tab_id=&#8221;1598563813541-2&#8243; header=&#8221;Soporte T\u00e9cnico de Tecnolog\u00eda Oracle&#8221; text=&#8221;Somos Partners autorizados de Oracle y contamos con amplios conocimientos en sus productos, ofreciendo servicios tales como upgrades de las aplicaciones y bases de datos, Planes de Respaldo y Recuperaci\u00f3n&#8221;][\/nectar_icon_list_item][nectar_icon_list_item icon_type=&#8221;numerical&#8221; title=&#8221;List Item&#8221; id=&#8221;1598563813690-9&#8243; tab_id=&#8221;1598563813693-10&#8243; header=&#8221;Venta y Distribucion de Licencias Oracle y Microsoft&#8221; text=&#8221;Contamos con amplios conocimientos de las pol\u00edticas y m\u00e9tricas de licenciamiento para todos sus productos, lo que le permitir\u00e1 manejar de forma m\u00e1s eficiente la asignaci\u00f3n de sus licencias&#8221;][\/nectar_icon_list_item][nectar_icon_list_item icon_type=&#8221;numerical&#8221; title=&#8221;List Item&#8221; id=&#8221;1598563813833-3&#8243; tab_id=&#8221;1598563813836-10&#8243; header=&#8221;Consultor\u00eda y Evaluaci\u00f3n de Procesos&#8221; text=&#8221;Hemos desarrollado mecanismos que nos han hecho expertos en la consultor\u00eda y evaluaci\u00f3n de los departamentos de desarrollo de sistemas de una compa\u00f1\u00eda, para identificar fortalezas y debilidades en sus procesos&#8221;][\/nectar_icon_list_item][nectar_icon_list_item icon_type=&#8221;numerical&#8221; title=&#8221;List Item&#8221; id=&#8221;1598563814009-4&#8243; tab_id=&#8221;1598563814013-5&#8243; header=&#8221;Servicios Outsourcing&#8221; text=&#8221;Como complemento de nuestros servicios, ofrecemos servicios de outsourcing con un personal capacitado para desempe\u00f1ar los diferentes perfiles que componen el \u00e1rea de Sistemas y Tecnolog\u00eda&#8221;][\/nectar_icon_list_item][\/nectar_icon_list][\/vc_column][\/vc_row][vc_row type=&#8221;full_width_background&#8221; full_screen_row_position=&#8221;middle&#8221; column_margin=&#8221;default&#8221; column_direction=&#8221;default&#8221; column_direction_tablet=&#8221;default&#8221; column_direction_phone=&#8221;default&#8221; bg_color=&#8221;#000000&#8243; scene_position=&#8221;center&#8221; top_padding=&#8221;6%&#8221; bottom_padding=&#8221;10%&#8221; text_color=&#8221;light&#8221; text_align=&#8221;left&#8221; row_border_radius=&#8221;none&#8221; row_border_radius_applies=&#8221;bg&#8221; overlay_strength=&#8221;0.3&#8243; gradient_direction=&#8221;left_to_right&#8221; shape_divider_position=&#8221;bottom&#8221; bg_image_animation=&#8221;none&#8221; shape_type=&#8221;&#8221;][vc_column column_padding=&#8221;no-extra-padding&#8221; column_padding_tablet=&#8221;inherit&#8221; column_padding_phone=&#8221;inherit&#8221; column_padding_position=&#8221;all&#8221; background_color_opacity=&#8221;1&#8243; background_hover_color_opacity=&#8221;1&#8243; column_shadow=&#8221;none&#8221; column_border_radius=&#8221;none&#8221; column_link_target=&#8221;_self&#8221; gradient_direction=&#8221;left_to_right&#8221; overlay_strength=&#8221;0.3&#8243; width=&#8221;1\/1&#8243; tablet_width_inherit=&#8221;default&#8221; tablet_text_alignment=&#8221;default&#8221; phone_text_alignment=&#8221;default&#8221; column_border_width=&#8221;none&#8221; column_border_style=&#8221;solid&#8221; bg_image_animation=&#8221;none&#8221;][nectar_animated_title heading_tag=&#8221;h4&#8243; style=&#8221;hinge-drop&#8221; color=&#8221;Accent-Color&#8221; text=&#8221;Productos&#8221;][divider line_type=&#8221;No Line&#8221; custom_height=&#8221;30&#8243;][nectar_icon_list color=&#8221;default&#8221; direction=&#8221;vertical&#8221; icon_size=&#8221;small&#8221; icon_style=&#8221;border&#8221;][nectar_icon_list_item icon_type=&#8221;numerical&#8221; title=&#8221;List Item&#8221; id=&#8221;1598563814514-0&#8243; tab_id=&#8221;1598563814517-10&#8243; header=&#8221;MedicalCore&#8221; text=&#8221;Es un sistema web que permite a los m\u00e9dicos poder automatizar su operaci\u00f3n haci\u00e9ndola m\u00e1s eficiente, al mismo tiempo que proporciona la posibilidad de gestionar las citas con los pacientes&#8221;] [\/nectar_icon_list_item][nectar_icon_list_item icon_type=&#8221;numerical&#8221; title=&#8221;List Item&#8221; id=&#8221;1598563814667-9&#8243; tab_id=&#8221;1598563814670-5&#8243; header=&#8221;SaludCore&#8221; text=&#8221;El sistema permite operar a una compa\u00f1\u00eda de seguros de salud, a trav\u00e9s y a lo largo de las diferentes \u00e1reas de negocio de su operaci\u00f3n&#8221;] [\/nectar_icon_list_item][nectar_icon_list_item icon_type=&#8221;numerical&#8221; title=&#8221;List Item&#8221; id=&#8221;1598563814831-7&#8243; tab_id=&#8221;1598563814833-8&#8243; header=&#8221;Cross Sell&#8221; text=&#8221;Es un sistema web CRM que ofrecemos a las compa\u00f1\u00edas con el objetivo de que puedan manejar sus campa\u00f1as y encuestas, para generar oportunidades de negocio con nuevos productos y servicios y para la captaci\u00f3n de clientes de los diferentes sectores&#8221;][\/nectar_icon_list_item][nectar_icon_list_item icon_type=&#8221;numerical&#8221; title=&#8221;List Item&#8221; id=&#8221;1598563814949-10&#8243; tab_id=&#8221;1598563814952-7&#8243; header=&#8221;Pss Web&#8221; text=&#8221;Con la conexi\u00f3n directa de los proveedores a las compa\u00f1\u00edas de seguros, se agiliza tanto el servicio al cliente logrando la satisfacci\u00f3n del mismo, como el procesamiento de las reclamaciones posteriores de los prestadores para recibir el pago por los servicios prestados a los asegurados.&#8221;][\/nectar_icon_list_item][\/nectar_icon_list][\/vc_column][\/vc_row]\n","protected":false},"excerpt":{"rendered":"<p>[vc_row type=&#8221;in_container&#8221; full_screen_row_position=&#8221;middle&#8221; column_margin=&#8221;default&#8221; column_direction=&#8221;default&#8221; column_direction_tablet=&#8221;default&#8221; column_direction_phone=&#8221;default&#8221; scene_position=&#8221;center&#8221; text_color=&#8221;dark&#8221; text_align=&#8221;left&#8221; row_border_radius=&#8221;none&#8221; row_border_radius_applies=&#8221;bg&#8221; overlay_strength=&#8221;0.3&#8243; gradient_direction=&#8221;left_to_right&#8221; shape_divider_position=&#8221;bottom&#8221; bg_image_animation=&#8221;none&#8221;][vc_column column_padding=&#8221;no-extra-padding&#8221; column_padding_tablet=&#8221;inherit&#8221; column_padding_phone=&#8221;inherit&#8221; column_padding_position=&#8221;all&#8221; background_color_opacity=&#8221;1&#8243; background_hover_color_opacity=&#8221;1&#8243; column_shadow=&#8221;none&#8221; column_border_radius=&#8221;none&#8221; column_link_target=&#8221;_self&#8221; gradient_direction=&#8221;left_to_right&#8221; overlay_strength=&#8221;0.3&#8243; width=&#8221;1\/2&#8243; tablet_width_inherit=&#8221;default&#8221; tablet_text_alignment=&#8221;default&#8221;&#8230;<\/p>\n","protected":false},"author":1,"featured_media":0,"parent":0,"menu_order":0,"comment_status":"closed","ping_status":"closed","template":"","meta":{"footnotes":""},"class_list":["post-6385","page","type-page","status-publish"],"_links":{"self":[{"href":"https:\/\/clustersoft.org.do\/index.php\/wp-json\/wp\/v2\/pages\/6385","targetHints":{"allow":["GET"]}}],"collection":[{"href":"https:\/\/clustersoft.org.do\/index.php\/wp-json\/wp\/v2\/pages"}],"about":[{"href":"https:\/\/clustersoft.org.do\/index.php\/wp-json\/wp\/v2\/types\/page"}],"author":[{"embeddable":true,"href":"https:\/\/clustersoft.org.do\/index.php\/wp-json\/wp\/v2\/users\/1"}],"replies":[{"embeddable":true,"href":"https:\/\/clustersoft.org.do\/index.php\/wp-json\/wp\/v2\/comments?post=6385"}],"version-history":[{"count":0,"href":"https:\/\/clustersoft.org.do\/index.php\/wp-json\/wp\/v2\/pages\/6385\/revisions"}],"wp:attachment":[{"href":"https:\/\/clustersoft.org.do\/index.php\/wp-json\/wp\/v2\/media?parent=6385"}],"curies":[{"name":"wp","href":"https:\/\/api.w.org\/{rel}","templated":true}]}}