{"id":6382,"date":"2020-08-26T21:02:27","date_gmt":"2020-08-26T21:02:27","guid":{"rendered":"https:\/\/clustersoft.org.do\/?page_id=6382"},"modified":"2020-11-17T22:50:17","modified_gmt":"2020-11-17T22:50:17","slug":"praxis_cluster","status":"publish","type":"page","link":"https:\/\/clustersoft.org.do\/index.php\/praxis_cluster\/","title":{"rendered":"Praxis_Cluster"},"content":{"rendered":"[vc_row type=&#8221;in_container&#8221; full_screen_row_position=&#8221;middle&#8221; column_margin=&#8221;default&#8221; column_direction=&#8221;default&#8221; column_direction_tablet=&#8221;default&#8221; column_direction_phone=&#8221;default&#8221; scene_position=&#8221;center&#8221; text_color=&#8221;dark&#8221; text_align=&#8221;left&#8221; row_border_radius=&#8221;none&#8221; row_border_radius_applies=&#8221;bg&#8221; overlay_strength=&#8221;0.3&#8243; gradient_direction=&#8221;left_to_right&#8221; shape_divider_position=&#8221;bottom&#8221; bg_image_animation=&#8221;none&#8221;][vc_column column_padding=&#8221;no-extra-padding&#8221; column_padding_tablet=&#8221;inherit&#8221; column_padding_phone=&#8221;inherit&#8221; column_padding_position=&#8221;all&#8221; background_color_opacity=&#8221;1&#8243; background_hover_color_opacity=&#8221;1&#8243; column_shadow=&#8221;none&#8221; column_border_radius=&#8221;none&#8221; column_link_target=&#8221;_self&#8221; gradient_direction=&#8221;left_to_right&#8221; overlay_strength=&#8221;0.3&#8243; width=&#8221;1\/2&#8243; tablet_width_inherit=&#8221;default&#8221; tablet_text_alignment=&#8221;default&#8221; phone_text_alignment=&#8221;default&#8221; column_border_width=&#8221;none&#8221; column_border_style=&#8221;solid&#8221; bg_image_animation=&#8221;none&#8221;][fancy_box box_style=&#8221;parallax_hover&#8221; icon_family=&#8221;none&#8221; image_url=&#8221;6433&#8243; parallax_hover_box_alignment=&#8221;middle&#8221; parallax_hover_box_overlay_opacity=&#8221;0&#8243; parallax_hover_box_overlay_opacity_hover=&#8221;0&#8243; border_radius=&#8221;default&#8221; image_loading=&#8221;default&#8221; enable_animation=&#8221;true&#8221; animation=&#8221;grow-in&#8221; min_height=&#8221;500&#8243;][\/fancy_box][\/vc_column][vc_column column_padding=&#8221;no-extra-padding&#8221; column_padding_tablet=&#8221;inherit&#8221; column_padding_phone=&#8221;inherit&#8221; column_padding_position=&#8221;all&#8221; background_color_opacity=&#8221;1&#8243; background_hover_color_opacity=&#8221;1&#8243; column_shadow=&#8221;none&#8221; column_border_radius=&#8221;none&#8221; column_link_target=&#8221;_self&#8221; gradient_direction=&#8221;left_to_right&#8221; overlay_strength=&#8221;0.3&#8243; width=&#8221;1\/2&#8243; tablet_width_inherit=&#8221;default&#8221; tablet_text_alignment=&#8221;default&#8221; phone_text_alignment=&#8221;default&#8221; column_border_width=&#8221;none&#8221; column_border_style=&#8221;solid&#8221; bg_image_animation=&#8221;none&#8221;][nectar_highlighted_text color_type=&#8221;regular&#8221; highlight_color=&#8221;#00adee&#8221; style=&#8221;half_text&#8221; custom_font_size=&#8221;5vw&#8221;]\n<h1><em>Praxis<\/em><\/h1>\n[\/nectar_highlighted_text][vc_column_text]Praxis\u00ae es una familia de soluciones de software de gesti\u00f3n empresarial para el manejo de las operaciones de grupos empresariales o empresas individuales, con o sin m\u00faltiples localidades, que necesitan controlar y eficientizar sus operaciones y obtener informaci\u00f3n consolidada en forma autom\u00e1tica para grupos empresariales.<\/p>\n<p>El sistema se configura de acuerdo al tama\u00f1o y necesidades de su empresa y puede incluir puntos de ventas homologados por la DGII para el manejo de impresoras fiscales. Somos l\u00edderes en soluciones ERP Verticalizados (con funcionales especializadas por tipo de empresa) para una amplia variedad de sectores. Primera empresa dominicana con soluciones totalmente Cloud.[\/vc_column_text][divider line_type=&#8221;Full Width Line&#8221; line_thickness=&#8221;1&#8243; divider_color=&#8221;extra-color-gradient-2&#8243; animate=&#8221;yes&#8221;][vc_column_text]T:<a href=\"tel:8093312525\">809.331.2525 &#8211; Ext. 244<\/a><br \/>\nE:<a href=\"mailto:v.checo@mypraxis.net\">v.checo@mypraxis.net<\/a><br \/>\n<a href=\"http:\/\/www.mypraxis.net\/\">mypraxis.net<\/a>[\/vc_column_text][nectar_icon icon_family=&#8221;fontawesome&#8221; icon_style=&#8221;default&#8221; icon_color_type=&#8221;color_scheme&#8221; icon_color=&#8221;Extra-Color-1&#8243; icon_padding=&#8221;0px&#8221; icon_fontawesome=&#8221;fa fa-facebook&#8221; icon_size=&#8221;22&#8243;][nectar_icon icon_family=&#8221;fontawesome&#8221; icon_style=&#8221;default&#8221; icon_color_type=&#8221;color_scheme&#8221; icon_color=&#8221;Extra-Color-1&#8243; icon_padding=&#8221;0px&#8221; icon_fontawesome=&#8221;fa fa-instagram&#8221; icon_size=&#8221;22&#8243;][\/vc_column][\/vc_row][vc_row type=&#8221;full_width_background&#8221; full_screen_row_position=&#8221;middle&#8221; column_margin=&#8221;default&#8221; column_direction=&#8221;default&#8221; column_direction_tablet=&#8221;default&#8221; column_direction_phone=&#8221;default&#8221; bg_color=&#8221;#000000&#8243; scene_position=&#8221;center&#8221; top_padding=&#8221;6%&#8221; bottom_padding=&#8221;10%&#8221; text_color=&#8221;light&#8221; text_align=&#8221;left&#8221; row_border_radius=&#8221;none&#8221; row_border_radius_applies=&#8221;bg&#8221; overlay_strength=&#8221;0.3&#8243; gradient_direction=&#8221;left_to_right&#8221; shape_divider_position=&#8221;bottom&#8221; bg_image_animation=&#8221;none&#8221; shape_type=&#8221;&#8221;][vc_column column_padding=&#8221;no-extra-padding&#8221; column_padding_tablet=&#8221;inherit&#8221; column_padding_phone=&#8221;inherit&#8221; column_padding_position=&#8221;all&#8221; background_color_opacity=&#8221;1&#8243; background_hover_color_opacity=&#8221;1&#8243; column_shadow=&#8221;none&#8221; column_border_radius=&#8221;none&#8221; column_link_target=&#8221;_self&#8221; gradient_direction=&#8221;left_to_right&#8221; overlay_strength=&#8221;0.3&#8243; width=&#8221;1\/1&#8243; tablet_width_inherit=&#8221;default&#8221; tablet_text_alignment=&#8221;default&#8221; phone_text_alignment=&#8221;default&#8221; column_border_width=&#8221;none&#8221; column_border_style=&#8221;solid&#8221; bg_image_animation=&#8221;none&#8221;][nectar_animated_title heading_tag=&#8221;h4&#8243; style=&#8221;hinge-drop&#8221; color=&#8221;Accent-Color&#8221; text=&#8221;Servicios&#8221;][divider line_type=&#8221;No Line&#8221; custom_height=&#8221;30&#8243;][nectar_icon_list color=&#8221;default&#8221; direction=&#8221;vertical&#8221; icon_size=&#8221;small&#8221; icon_style=&#8221;border&#8221;][nectar_icon_list_item icon_type=&#8221;numerical&#8221; title=&#8221;List Item&#8221; id=&#8221;1598563506376-2&#8243; tab_id=&#8221;1598563506381-7&#8243; header=&#8221;SANUS&#8221; text=&#8221;Gesti\u00f3n integral de empresas el sector salud y afines. Incluye control de aseguradoras, habitaciones, medicamentos, farmacia y toda la gesti\u00f3n administrativa-financiera.&#8221;][vc_column_text][\/vc_column_text][\/nectar_icon_list_item][nectar_icon_list_item icon_type=&#8221;numerical&#8221; title=&#8221;List Item&#8221; id=&#8221;1598563506598-10&#8243; tab_id=&#8221;1598563506601-3&#8243; header=&#8221;Coop&#8221; text=&#8221;Gesti\u00f3n integral de cooperativas de cualquier tipo, siendo capaz de manejar, en una sola plataforma cooperativas de servicios m\u00faltiples, de producci\u00f3n, ahorros y cr\u00e9ditos, entre otras.&#8221;][vc_column_text][\/vc_column_text][\/nectar_icon_list_item][nectar_icon_list_item icon_type=&#8221;numerical&#8221; title=&#8221;List Item&#8221; id=&#8221;1598563506703-5&#8243; tab_id=&#8221;1598563506706-8&#8243; header=&#8221;KoreBanking&#8221; text=&#8221;Gesti\u00f3n integral de entidades financieras, incluyendo financiamientos, ahorros, certificados, compra y venta de divisas y servicios.&#8221;][\/nectar_icon_list_item][nectar_icon_list_item icon_type=&#8221;numerical&#8221; title=&#8221;List Item&#8221; id=&#8221;1598563506815-5&#8243; tab_id=&#8221;1598563506818-5&#8243; header=&#8221;ERP&#8221; text=&#8221;Gesti\u00f3n de recursos empresariales.&#8221;][\/nectar_icon_list_item][nectar_icon_list_item icon_type=&#8221;numerical&#8221; title=&#8221;List Item&#8221; id=&#8221;1598563507000-8&#8243; tab_id=&#8221;1598563507004-10&#8243; header=&#8221;Adworks&#8221; text=&#8221;Gesti\u00f3n de agencias publicitarias y afines.&#8221;][\/nectar_icon_list_item][nectar_icon_list_item icon_type=&#8221;numerical&#8221; title=&#8221;List Item&#8221; id=&#8221;1598563507132-4&#8243; tab_id=&#8221;1598563507135-6&#8243; header=&#8221;Car Rental&#8221; text=&#8221;Gesti\u00f3n de empresas de alquiler de veh\u00edculos y afines.&#8221;][\/nectar_icon_list_item][nectar_icon_list_item icon_type=&#8221;numerical&#8221; title=&#8221;List Item&#8221; id=&#8221;1598563507260-1&#8243; tab_id=&#8221;1598563507263-4&#8243; header=&#8221;POS&#8221; text=&#8221;Punto de ventas homologado por la DGII.&#8221;][\/nectar_icon_list_item][\/nectar_icon_list][\/vc_column][\/vc_row]\n","protected":false},"excerpt":{"rendered":"<p>[vc_row type=&#8221;in_container&#8221; full_screen_row_position=&#8221;middle&#8221; column_margin=&#8221;default&#8221; column_direction=&#8221;default&#8221; column_direction_tablet=&#8221;default&#8221; column_direction_phone=&#8221;default&#8221; scene_position=&#8221;center&#8221; text_color=&#8221;dark&#8221; text_align=&#8221;left&#8221; row_border_radius=&#8221;none&#8221; row_border_radius_applies=&#8221;bg&#8221; overlay_strength=&#8221;0.3&#8243; gradient_direction=&#8221;left_to_right&#8221; shape_divider_position=&#8221;bottom&#8221; bg_image_animation=&#8221;none&#8221;][vc_column column_padding=&#8221;no-extra-padding&#8221; column_padding_tablet=&#8221;inherit&#8221; column_padding_phone=&#8221;inherit&#8221; column_padding_position=&#8221;all&#8221; background_color_opacity=&#8221;1&#8243; background_hover_color_opacity=&#8221;1&#8243; column_shadow=&#8221;none&#8221; column_border_radius=&#8221;none&#8221; column_link_target=&#8221;_self&#8221; gradient_direction=&#8221;left_to_right&#8221; overlay_strength=&#8221;0.3&#8243; width=&#8221;1\/2&#8243; tablet_width_inherit=&#8221;default&#8221; tablet_text_alignment=&#8221;default&#8221;&#8230;<\/p>\n","protected":false},"author":1,"featured_media":0,"parent":0,"menu_order":0,"comment_status":"closed","ping_status":"closed","template":"","meta":{"footnotes":""},"class_list":["post-6382","page","type-page","status-publish"],"_links":{"self":[{"href":"https:\/\/clustersoft.org.do\/index.php\/wp-json\/wp\/v2\/pages\/6382","targetHints":{"allow":["GET"]}}],"collection":[{"href":"https:\/\/clustersoft.org.do\/index.php\/wp-json\/wp\/v2\/pages"}],"about":[{"href":"https:\/\/clustersoft.org.do\/index.php\/wp-json\/wp\/v2\/types\/page"}],"author":[{"embeddable":true,"href":"https:\/\/clustersoft.org.do\/index.php\/wp-json\/wp\/v2\/users\/1"}],"replies":[{"embeddable":true,"href":"https:\/\/clustersoft.org.do\/index.php\/wp-json\/wp\/v2\/comments?post=6382"}],"version-history":[{"count":0,"href":"https:\/\/clustersoft.org.do\/index.php\/wp-json\/wp\/v2\/pages\/6382\/revisions"}],"wp:attachment":[{"href":"https:\/\/clustersoft.org.do\/index.php\/wp-json\/wp\/v2\/media?parent=6382"}],"curies":[{"name":"wp","href":"https:\/\/api.w.org\/{rel}","templated":true}]}}